{"id":56,"date":"2020-05-22T19:53:48","date_gmt":"2020-05-22T22:53:48","guid":{"rendered":"http:\/\/fernandabassani.com\/?page_id=56"},"modified":"2025-05-01T00:03:18","modified_gmt":"2025-05-01T03:03:18","slug":"inicio","status":"publish","type":"page","link":"https:\/\/fernandabassani.com\/","title":{"rendered":"Nosso trabalho"},"content":{"rendered":"\n<div class=\"wp-block-group\"><div class=\"wp-block-group__inner-container is-layout-constrained wp-block-group-is-layout-constrained\">\n<p class=\"has-background has-medium-font-size\" style=\"background-color:#f5ede9\">O trabalho do Designer Instrucional pode ser o diferencial no seu conte\u00fado.<\/p>\n\n\n\n<p class=\"has-background has-medium-font-size\" style=\"background-color:#cb988e\">Aqui voc\u00ea encontra conte\u00fados &#8220;repaginados&#8221; com as mais diversas ferramentas dispon\u00edveis no mercado.<\/p>\n\n\n\n<p class=\"has-background has-medium-font-size\" style=\"background-color:#7991b0\">Acesse o material e entre em contato para inovarmos seu conte\u00fado, seja ele para seus alunos ou funcion\u00e1rios.<\/p>\n<\/div><\/div>\n\n\n\n<figure class=\"wp-block-video aligncenter\"><video height=\"1080\" style=\"aspect-ratio: 1920 \/ 1080;\" width=\"1920\" controls poster=\"http:\/\/fernandabassani.com\/wp-content\/uploads\/2023\/01\/Capturar.png\" src=\"http:\/\/fernandabassani.com\/wp-content\/uploads\/2023\/01\/Novo-projeto-1.mp4\"><\/video><\/figure>\n","protected":false},"excerpt":{"rendered":"<p>O trabalho do Designer Instrucional pode ser o diferencial no seu conte\u00fado. Aqui voc\u00ea encontra conte\u00fados &#8220;repaginados&#8221; com as mais diversas ferramentas dispon\u00edveis no mercado. Acesse o material e entre em contato para inovarmos seu conte\u00fado, seja ele para seus alunos ou funcion\u00e1rios.<\/p>\n","protected":false},"author":1,"featured_media":348,"parent":0,"menu_order":0,"comment_status":"closed","ping_status":"closed","template":"","meta":{"footnotes":""},"class_list":["post-56","page","type-page","status-publish","has-post-thumbnail","hentry"],"_links":{"self":[{"href":"https:\/\/fernandabassani.com\/index.php\/wp-json\/wp\/v2\/pages\/56","targetHints":{"allow":["GET"]}}],"collection":[{"href":"https:\/\/fernandabassani.com\/index.php\/wp-json\/wp\/v2\/pages"}],"about":[{"href":"https:\/\/fernandabassani.com\/index.php\/wp-json\/wp\/v2\/types\/page"}],"author":[{"embeddable":true,"href":"https:\/\/fernandabassani.com\/index.php\/wp-json\/wp\/v2\/users\/1"}],"replies":[{"embeddable":true,"href":"https:\/\/fernandabassani.com\/index.php\/wp-json\/wp\/v2\/comments?post=56"}],"version-history":[{"count":8,"href":"https:\/\/fernandabassani.com\/index.php\/wp-json\/wp\/v2\/pages\/56\/revisions"}],"predecessor-version":[{"id":840,"href":"https:\/\/fernandabassani.com\/index.php\/wp-json\/wp\/v2\/pages\/56\/revisions\/840"}],"wp:featuredmedia":[{"embeddable":true,"href":"https:\/\/fernandabassani.com\/index.php\/wp-json\/wp\/v2\/media\/348"}],"wp:attachment":[{"href":"https:\/\/fernandabassani.com\/index.php\/wp-json\/wp\/v2\/media?parent=56"}],"curies":[{"name":"wp","href":"https:\/\/api.w.org\/{rel}","templated":true}]}}